{"id":4221,"date":"2025-11-09T17:08:10","date_gmt":"2025-11-09T17:08:10","guid":{"rendered":"https:\/\/www.kvetyzivota.art\/?post_type=product&#038;p=4221"},"modified":"2025-11-09T18:19:31","modified_gmt":"2025-11-09T18:19:31","slug":"uterky-s-chromym-jelenem","status":"publish","type":"product","link":"https:\/\/www.kvetyzivota.art\/index.php\/uterky-s-chromym-jelenem\/","title":{"rendered":"Vstupenka &#8211; \u00daterky s Chrom\u00fdm jelenem"},"content":{"rendered":"<div class=\"xdj266r x14z9mp xat24cr x1lziwak x1vvkbs\">Zveme V\u00e1s na prvn\u00ed z cyklu diskuzn\u00edch ve\u010dern\u00edch \u00faterk\u016f s \u017eiv\u00fdm \u010dten\u00edm knihy Chrom\u00fd jelen na t\u00e9ma setk\u00e1vn\u00ed na\u0161\u00ed sou\u010dasn\u00e9 a lakotsk\u00e9 duchovnosti.<\/div>\n<div class=\"x14z9mp xat24cr x1lziwak x1vvkbs xtlvy1s\">V na\u0161\u00ed spole\u010dnosti se st\u00e1le \u010dast\u011bji za\u010d\u00edn\u00e1 objevovat t\u00e9ma osobn\u00edho, vlastn\u00edho p\u0159\u00edstupu k duchovnu. P\u0159\u00edstupu, kter\u00fd vych\u00e1z\u00ed z nitra \u010dlov\u011bka a je v\u0161em lidem spole\u010dn\u00fd. Hlubok\u00e1, n\u00e1pomocn\u00e1 osobn\u00ed v\u00edra, kter\u00e1 n\u00e1s nerozd\u011bluje, ale zcela p\u0159irozen\u011b propojuje.<\/div>\n<div class=\"x14z9mp xat24cr x1lziwak x1vvkbs xtlvy1s\">Na st\u0159edoz\u00e1pad\u011b Spojen\u00fdch st\u00e1t\u016f \u017eij\u00ed lid\u00e9, Lakotov\u00e9, jejich\u017e v\u00edra je demokratick\u00e1 a decentralizovan\u00e1. Jej\u00edm z\u00e1kladem je soubor dan\u00fdch pravidel, kter\u00e1 ka\u017ed\u00e9mu umo\u017e\u0148uj\u00ed m\u00edt svou vlastn\u00ed vizi, a tedy i svou vlastn\u00ed duchovnost. Podstatou je v\u00edra ve Velk\u00e9ho ducha, kter\u00fd je v\u0161ude a ve v\u0161em.<\/div>\n<div class=\"x14z9mp xat24cr x1lziwak x1vvkbs xtlvy1s\">Zaj\u00edm\u00e1 v\u00e1s jak a pro\u010d pr\u00e1v\u011b tito lid\u00e9 a jejich v\u00edra mohou inspirovat n\u00e1s Evropany?<\/div>\n<div class=\"x14z9mp xat24cr x1lziwak x1vvkbs xtlvy1s\">Poj\u010fme spole\u010dn\u011b proj\u00edt \u010dten\u00edm knihy Chrom\u00fd jelen, kter\u00e9 n\u00e1s inspiruje a doprovod\u00ed k debat\u011b nad t\u00e9maty, je\u017e se p\u0159i spole\u010dn\u00e9m \u010dten\u00ed objev\u00ed a p\u0159irozen\u011b se dotknou i na\u0161\u00ed vlastn\u00ed duchovn\u00ed praxe.<\/div>\n<div class=\"x14z9mp xat24cr x1lziwak x1vvkbs xtlvy1s\">Pokud se v\u00e1m v \u017eivot\u011b objevuje n\u011bkter\u00e1 z n\u00e1sleduj\u00edc\u00edch ot\u00e1zek, je setk\u00e1n\u00ed s Chrom\u00fdm jelenem pr\u00e1v\u011b pro v\u00e1s.<br class=\"html-br\" \/>\u2022 Jak\u00e1 je duchovnost pro dne\u0161n\u00ed dobu?<br class=\"html-br\" \/>\u2022 Jak\u00e1 je moje duchovn\u00ed praxe?<br class=\"html-br\" \/>\u2022 Jak zav\u00e9st duchovn\u00ed praxi do ka\u017edodenn\u00edho \u017eivota?<br class=\"html-br\" \/>\u2022 Jak\u00fd v\u00fdznam maj\u00ed pro m\u016fj \u017eivot duchovn\u00ed z\u00e1\u017eitky, kter\u00e9 za\u017e\u00edv\u00e1m?<br class=\"html-br\" \/>\u2022 \u010c\u00edm m\u011b m\u016f\u017ee inspirovat lakotsk\u00fd pohled na sv\u011bt?<\/div>\n<div class=\"x14z9mp xat24cr x1lziwak x1vvkbs xtlvy1s\">Prov\u00e1zet v\u00e1s budou ilustr\u00e1tor, nakladatel a p\u0159ekladatel knihy Chrom\u00fd jelen a jejich vz\u00e1cn\u00ed host\u00e9.<\/div>\n<div class=\"x14z9mp xat24cr x1lziwak x1vvkbs xtlvy1s\">O knize Chrom\u00fd jelen<br class=\"html-br\" \/>Kniha Chrom\u00fd jelen, vypr\u00e1v\u011bn\u00ed siouxsk\u00e9ho medicinmana m\u00e1 u \u010dten\u00e1\u0159\u016f \u00fasp\u011bch a to t\u00edm, \u017ee je st\u00e1le velice aktu\u00e1ln\u00ed, \u010dtiv\u00e1 a inspirativn\u00ed. Od prosince 2023 se k ruk\u00e1m \u010dten\u00e1\u0159\u016f v \u010cech\u00e1ch dostalo v\u00edce ne\u017e 1200 v\u00fdtisk\u016f. Dotisk druh\u00e9ho vyd\u00e1n\u00ed je mo\u017en\u00e1 zakoupit na str\u00e1nk\u00e1ch Nakladatelstv\u00ed VLNY anebo pr\u00e1v\u011b u va\u0161eho knihkupce, proto\u017ee kniha je ji\u017e nyn\u00ed v distribuci spole\u010dnosti Euromedia.<\/div>\n<div class=\"x14z9mp xat24cr x1lziwak x1vvkbs xtlvy1s\"><\/div>\n<div class=\"x14z9mp xat24cr x1lziwak x1vvkbs xtlvy1s\"><\/div>\n<div class=\"x14z9mp xat24cr x1lziwak x1vvkbs xtlvy1s\">Term\u00edny dal\u0161\u00edch setk\u00e1n\u00ed s Chrom\u00fdm jelenem v Maitrea jsou \u00faterky<\/div>\n<div>2025: 9. 12. v\u017edy od 18:00 do 20:00.<\/div>\n<div class=\"x14z9mp xat24cr x1lziwak x1vvkbs xtlvy1s\">2026: 13.1., 10.2., 10.3., 14.4., 12.5., 9.6., 8.9., 13.10., 10.11., 8.12. v\u017edy od 18:00 do 20:00.<\/div>\n","protected":false},"excerpt":{"rendered":"<p style=\"text-align: center;\">Dostupn\u00e9 term\u00edny:<\/p>\n<p style=\"text-align: center;\">2025: 9. 12. v\u017edy od 18:00 do 20:00.<\/p>\n<div class=\"x14z9mp xat24cr x1lziwak x1vvkbs xtlvy1s\" style=\"text-align: center;\">2026: 13.1., 10.2., 10.3., 14.4., 12.5., 9.6., 8.9., 13.10., 10.11., 8.12. v\u017edy od 18:00 do 20:00.<\/div>\n","protected":false},"featured_media":4223,"comment_status":"open","ping_status":"closed","template":"","meta":[],"product_brand":[],"product_cat":[75],"product_tag":[],"class_list":{"0":"post-4221","1":"product","2":"type-product","3":"status-publish","4":"has-post-thumbnail","6":"product_cat-ostatni","8":"first","9":"instock","10":"virtual","11":"purchasable","12":"product-type-simple"},"post_mailing_queue_ids":[],"_links":{"self":[{"href":"https:\/\/www.kvetyzivota.art\/index.php\/wp-json\/wp\/v2\/product\/4221","targetHints":{"allow":["GET"]}}],"collection":[{"href":"https:\/\/www.kvetyzivota.art\/index.php\/wp-json\/wp\/v2\/product"}],"about":[{"href":"https:\/\/www.kvetyzivota.art\/index.php\/wp-json\/wp\/v2\/types\/product"}],"replies":[{"embeddable":true,"href":"https:\/\/www.kvetyzivota.art\/index.php\/wp-json\/wp\/v2\/comments?post=4221"}],"wp:featuredmedia":[{"embeddable":true,"href":"https:\/\/www.kvetyzivota.art\/index.php\/wp-json\/wp\/v2\/media\/4223"}],"wp:attachment":[{"href":"https:\/\/www.kvetyzivota.art\/index.php\/wp-json\/wp\/v2\/media?parent=4221"}],"wp:term":[{"taxonomy":"product_brand","embeddable":true,"href":"https:\/\/www.kvetyzivota.art\/index.php\/wp-json\/wp\/v2\/product_brand?post=4221"},{"taxonomy":"product_cat","embeddable":true,"href":"https:\/\/www.kvetyzivota.art\/index.php\/wp-json\/wp\/v2\/product_cat?post=4221"},{"taxonomy":"product_tag","embeddable":true,"href":"https:\/\/www.kvetyzivota.art\/index.php\/wp-json\/wp\/v2\/product_tag?post=4221"}],"curies":[{"name":"wp","href":"https:\/\/api.w.org\/{rel}","templated":true}]}}