{"id":2214,"date":"2023-05-22T20:52:01","date_gmt":"2023-05-22T20:52:01","guid":{"rendered":"https:\/\/www.kvetyzivota.art\/?post_type=product&#038;p=2214"},"modified":"2023-06-22T14:28:00","modified_gmt":"2023-06-22T14:28:00","slug":"chromy-jelen-ogle-yamni-pohlednice-17-ks","status":"publish","type":"product","link":"https:\/\/www.kvetyzivota.art\/index.php\/chromy-jelen-ogle-yamni-pohlednice-17-ks\/","title":{"rendered":"CHROM\u00dd JELEN &#8211; Ogl\u00e9 Yamn\u00ed Junek, pohlednice (17 ks)"},"content":{"rendered":"<p>Sada sedmn\u00e1cti kus\u016f pohlednic, kter\u00e9 vznikly z ilustrac\u00ed Ogl\u00e9 Yamn\u00ed Junka k p\u0159ipravovan\u00e9 knize Chrom\u00fd Jelen. Ilustrovan\u00e9 druh\u00e9 \u010desk\u00e9 vyd\u00e1n\u00ed poutav\u00e9 knihy o \u017eivot\u011b legend\u00e1rn\u00edho siouxsk\u00e9ho medicinmana Chrom\u00e9ho jelence (to je jeho spr\u00e1vn\u011b p\u0159elo\u017een\u00e9 jm\u00e9no) p\u0159ipravujeme k vyd\u00e1n\u00ed letos na konec l\u00e9ta \u010di za\u010d\u00e1tek podzimu. Podpo\u0159te vyd\u00e1n\u00ed t\u00e9to knihy, po\u0159i\u010fte si origin\u00e1ln\u00ed pohledy a po\u0161lete sv\u00fdm bl\u00edzk\u00fdm indi\u00e1nsk\u00fd pozdrav za Va\u0161ich cest.<\/p>\n<p>Cena je v\u010detn\u011b po\u0161tovn\u00e9ho a baln\u00e9ho.<\/p>\n","protected":false},"excerpt":{"rendered":"<p>Sada sedmn\u00e1cti kus\u016f pohlednic, kter\u00e9 vznikly z ilustrac\u00ed Ogl\u00e9 Yamn\u00ed Junka k p\u0159ipravovan\u00e9 knize Chrom\u00fd Jelen. Ilustrovan\u00e9 druh\u00e9 \u010desk\u00e9 vyd\u00e1n\u00ed poutav\u00e9 knihy o \u017eivot\u011b legend\u00e1rn\u00edho siouxsk\u00e9ho medicinmana Chrom\u00e9ho jelence (to je jeho spr\u00e1vn\u011b p\u0159elo\u017een\u00e9 jm\u00e9no) p\u0159ipravujeme k vyd\u00e1n\u00ed letos na konec l\u00e9ta \u010di za\u010d\u00e1tek podzimu. Podpo\u0159te vyd\u00e1n\u00ed t\u00e9to knihy, po\u0159i\u010fte si origin\u00e1ln\u00ed pohledy a po\u0161lete [&hellip;]<\/p>\n","protected":false},"featured_media":2215,"comment_status":"open","ping_status":"closed","template":"","meta":[],"product_brand":[],"product_cat":[75],"product_tag":[],"class_list":{"0":"post-2214","1":"product","2":"type-product","3":"status-publish","4":"has-post-thumbnail","6":"product_cat-ostatni","8":"first","9":"instock","10":"shipping-taxable","11":"purchasable","12":"product-type-simple"},"post_mailing_queue_ids":[],"_links":{"self":[{"href":"https:\/\/www.kvetyzivota.art\/index.php\/wp-json\/wp\/v2\/product\/2214","targetHints":{"allow":["GET"]}}],"collection":[{"href":"https:\/\/www.kvetyzivota.art\/index.php\/wp-json\/wp\/v2\/product"}],"about":[{"href":"https:\/\/www.kvetyzivota.art\/index.php\/wp-json\/wp\/v2\/types\/product"}],"replies":[{"embeddable":true,"href":"https:\/\/www.kvetyzivota.art\/index.php\/wp-json\/wp\/v2\/comments?post=2214"}],"wp:featuredmedia":[{"embeddable":true,"href":"https:\/\/www.kvetyzivota.art\/index.php\/wp-json\/wp\/v2\/media\/2215"}],"wp:attachment":[{"href":"https:\/\/www.kvetyzivota.art\/index.php\/wp-json\/wp\/v2\/media?parent=2214"}],"wp:term":[{"taxonomy":"product_brand","embeddable":true,"href":"https:\/\/www.kvetyzivota.art\/index.php\/wp-json\/wp\/v2\/product_brand?post=2214"},{"taxonomy":"product_cat","embeddable":true,"href":"https:\/\/www.kvetyzivota.art\/index.php\/wp-json\/wp\/v2\/product_cat?post=2214"},{"taxonomy":"product_tag","embeddable":true,"href":"https:\/\/www.kvetyzivota.art\/index.php\/wp-json\/wp\/v2\/product_tag?post=2214"}],"curies":[{"name":"wp","href":"https:\/\/api.w.org\/{rel}","templated":true}]}}